{"id":53,"date":"2019-07-27T08:56:40","date_gmt":"2019-07-27T08:56:40","guid":{"rendered":"http:\/\/press-tv-dvpj.com\/?page_id=53"},"modified":"2019-08-01T14:47:01","modified_gmt":"2019-08-01T14:47:01","slug":"4-2","status":"publish","type":"page","link":"https:\/\/press-tv-dvpj.com\/","title":{"rendered":"Media advice and press work"},"content":{"rendered":"\n<h2 class=\"wp-block-heading\">Neben meinen Funktionen als <a href=\"https:\/\/dr-baron-von-der-ropp-cramm-inc.com\">Pr\u00e4sident amerikanischer Kapitalgesellschaften<\/a> bin ich als freiberuflicher Journalist ebenfalls als Medienberater und Pressesprecher f\u00fcr bedeutende Institutionen t\u00e4tig.<\/h2>\n\n\n\n<p>Dazu geh\u00f6rt vor allen Dingen auch <a href=\"https:\/\/www.axel-springer-akademie.de\/info\/investigativer-journalismus.html\" target=\"_blank\" rel=\"noreferrer noopener\" aria-label=\"investigativer Journalismus (\u00f6ffnet in neuem Tab)\">investigativer Journalismus<\/a> alle Themen der Politik betreffend und als Mitglied im Deutschen Verband der Pressejournalisten nehme ich gerne Ihre entsprechende Interessenvertretung wahr.<\/p>\n\n\n\n<p>F\u00fcr weitere Fragen stehe ich Ihnen jederzeit schriftlich unter&nbsp;<a href=\"mailto:info@mekh.medien.com\">info@mekh.medien.com<\/a>&nbsp;zur Verf\u00fcgung.<\/p>\n","protected":false},"excerpt":{"rendered":"<p>Neben meinen Funktionen als Pr\u00e4sident amerikanischer Kapitalgesellschaften bin ich als freiberuflicher Journalist ebenfalls als Medienberater und Pressesprecher f\u00fcr bedeutende Institutionen t\u00e4tig. Dazu geh\u00f6rt vor allen Dingen auch investigativer Journalismus alle Themen der Politik betreffend und als Mitglied im Deutschen Verband der Pressejournalisten nehme ich gerne Ihre entsprechende Interessenvertretung wahr. F\u00fcr weitere Fragen stehe ich Ihnen &hellip; <\/p>\n<p class=\"link-more\"><a href=\"https:\/\/press-tv-dvpj.com\/\" class=\"more-link\"><span class=\"screen-reader-text\">\u201eMedia advice and press work\u201c<\/span> weiterlesen<\/a><\/p>\n","protected":false},"author":1,"featured_media":30,"parent":0,"menu_order":0,"comment_status":"closed","ping_status":"closed","template":"","meta":{"footnotes":""},"class_list":["post-53","page","type-page","status-publish","has-post-thumbnail","hentry"],"_links":{"self":[{"href":"https:\/\/press-tv-dvpj.com\/index.php?rest_route=\/wp\/v2\/pages\/53","targetHints":{"allow":["GET"]}}],"collection":[{"href":"https:\/\/press-tv-dvpj.com\/index.php?rest_route=\/wp\/v2\/pages"}],"about":[{"href":"https:\/\/press-tv-dvpj.com\/index.php?rest_route=\/wp\/v2\/types\/page"}],"author":[{"embeddable":true,"href":"https:\/\/press-tv-dvpj.com\/index.php?rest_route=\/wp\/v2\/users\/1"}],"replies":[{"embeddable":true,"href":"https:\/\/press-tv-dvpj.com\/index.php?rest_route=%2Fwp%2Fv2%2Fcomments&post=53"}],"version-history":[{"count":5,"href":"https:\/\/press-tv-dvpj.com\/index.php?rest_route=\/wp\/v2\/pages\/53\/revisions"}],"predecessor-version":[{"id":88,"href":"https:\/\/press-tv-dvpj.com\/index.php?rest_route=\/wp\/v2\/pages\/53\/revisions\/88"}],"wp:featuredmedia":[{"embeddable":true,"href":"https:\/\/press-tv-dvpj.com\/index.php?rest_route=\/wp\/v2\/media\/30"}],"wp:attachment":[{"href":"https:\/\/press-tv-dvpj.com\/index.php?rest_route=%2Fwp%2Fv2%2Fmedia&parent=53"}],"curies":[{"name":"wp","href":"https:\/\/api.w.org\/{rel}","templated":true}]}}